{"id":1409,"date":"2021-07-01T00:04:57","date_gmt":"2021-07-01T00:04:57","guid":{"rendered":"https:\/\/www.fazcomex.com.br\/portal\/?page_id=1409"},"modified":"2021-07-01T00:04:57","modified_gmt":"2021-07-01T00:04:57","slug":"consultorias-em-comercio-exterior-exportacao-e-importacao-em-paranagua-pr","status":"publish","type":"page","link":"https:\/\/www.fazcomex.com.br\/portal\/consultorias-em-comercio-exterior-exportacao-e-importacao-em-paranagua-pr\/","title":{"rendered":"Consultorias em Com\u00e9rcio Exterior , Exporta\u00e7\u00e3o e Importa\u00e7\u00e3o em Paranagu\u00e1 &#8211; PR"},"content":{"rendered":"<h2><b>Consultorias em Com\u00e9rcio Exterior, Exporta\u00e7\u00e3o e Importa\u00e7\u00e3o em <\/b><b>Paranagu\u00e1- PR<\/b><\/h2>\n<p><span style=\"font-weight: 400;\">Atuar no Com\u00e9rcio Exterior requer conhecimentos de procedimentos espec\u00edficos a fim de cumprir com as normas aduaneiras brasileiras.\u00a0<\/span><\/p>\n<p><span style=\"font-weight: 400;\">A exporta\u00e7\u00e3o e importa\u00e7\u00e3o no Brasil s\u00e3o bastante burocr\u00e1ticas, portanto contar com uma boa consultoria e assessoria em com\u00e9rcio exterior \u00e9 fundamental para o sucesso de suas opera\u00e7\u00f5es com o exterior.<\/span><\/p>\n<p><span style=\"font-weight: 400;\">Com uma<\/span><b> Consultoria em Com\u00e9rcio Exterior,<\/b><span style=\"font-weight: 400;\"> Exporta\u00e7\u00e3o e Importa\u00e7\u00e3o sua empresa receber\u00e1 a orienta\u00e7\u00e3o adequada e contar\u00e1 com especialistas na \u00e1rea.\u00a0<\/span><\/p>\n<p><span style=\"font-weight: 400;\">Entre os principais servi\u00e7os de Comex realizados por uma <\/span><b>Consultoria em Com\u00e9rcio Exterior<\/b><span style=\"font-weight: 400;\">, est\u00e3o, por exemplo:<\/span><\/p>\n<table>\n<tbody>\n<tr>\n<td><\/td>\n<td><b>Tipos de Servi\u00e7os de Consultoria em Comex:<\/b><\/td>\n<\/tr>\n<tr>\n<td><span style=\"font-weight: 400;\">1<\/span><\/td>\n<td><span style=\"font-weight: 400;\">Consultoria de Exporta\u00e7\u00e3o<\/span><\/td>\n<\/tr>\n<tr>\n<td><span style=\"font-weight: 400;\">2<\/span><\/td>\n<td><span style=\"font-weight: 400;\">Consultoria de Importa\u00e7\u00e3o<\/span><\/td>\n<\/tr>\n<tr>\n<td><span style=\"font-weight: 400;\">3<\/span><\/td>\n<td><span style=\"font-weight: 400;\">Assessoria Tribut\u00e1ria<\/span><\/td>\n<\/tr>\n<tr>\n<td><span style=\"font-weight: 400;\">4<\/span><\/td>\n<td><span style=\"font-weight: 400;\">Consultoria em Classifica\u00e7\u00e3o Fiscal de Mercadorias (<\/span><a href=\"https:\/\/www.fazcomex.com.br\/ncm\/\"><span style=\"font-weight: 400;\">NCM<\/span><\/a><span style=\"font-weight: 400;\">)<\/span><\/td>\n<\/tr>\n<tr>\n<td><span style=\"font-weight: 400;\">5<\/span><\/td>\n<td><span style=\"font-weight: 400;\">Cota\u00e7\u00e3o de Frete Internacional<\/span><\/td>\n<\/tr>\n<tr>\n<td><span style=\"font-weight: 400;\">6<\/span><\/td>\n<td><span style=\"font-weight: 400;\">Despacho Aduaneiro de Exporta\u00e7\u00e3o<\/span><\/td>\n<\/tr>\n<tr>\n<td><span style=\"font-weight: 400;\">7<\/span><\/td>\n<td><span style=\"font-weight: 400;\">Despacho Aduaneiro de Importa\u00e7\u00e3o<\/span><\/td>\n<\/tr>\n<tr>\n<td><span style=\"font-weight: 400;\">8<\/span><\/td>\n<td><span style=\"font-weight: 400;\">An\u00e1lise de Mercado<\/span><\/td>\n<\/tr>\n<tr>\n<td><span style=\"font-weight: 400;\">9<\/span><\/td>\n<td><span style=\"font-weight: 400;\">Consultoria em C\u00e2mbio<\/span><\/td>\n<\/tr>\n<tr>\n<td><span style=\"font-weight: 400;\">10<\/span><\/td>\n<td><span style=\"font-weight: 400;\">Consultoria em Regimes Aduaneiros Especiais, como <\/span><a href=\"https:\/\/www.fazcomex.com.br\/blog\/o-que-e-drawback\/\"><span style=\"font-weight: 400;\">Drawback<\/span><\/a><span style=\"font-weight: 400;\"> e outros.<\/span><\/td>\n<\/tr>\n<\/tbody>\n<\/table>\n<p><span style=\"font-weight: 400;\">Se voc\u00ea est\u00e1 procurando por uma <\/span><span style=\"font-weight: 400;\">\u00a0<\/span><b>Consultoria em Com\u00e9rcio Exterior<\/b> <b>\u00a0em Paranagu\u00e1- PR<\/b><span style=\"font-weight: 400;\">, confira aqui no Portal a lista completa.\u00a0<\/span><\/p>\n<p><b>Saiba mais sobre Consultorias em Com\u00e9rcio Exterior , Exporta\u00e7\u00e3o e Importa\u00e7\u00e3o em Paranagu\u00e1 &#8211; PR<\/b><\/p>\n<p><span style=\"font-weight: 400;\">Veja alguns dados interessantes do <\/span><a href=\"https:\/\/www.fazcomex.com.br\/blog\/conceitos-basicos-do-comercio-exterior\/\"><span style=\"font-weight: 400;\">com\u00e9rcio exterior<\/span><\/a><span style=\"font-weight: 400;\"> em Paranagu\u00e1- PR.\u00a0<\/span><\/p>\n<p><span style=\"font-weight: 400;\">Veja tamb\u00e9m o ranking das <\/span><a href=\"https:\/\/www.fazcomex.com.br\/blog\/quais-principais-produtos-exportados-brasil\/\"><span style=\"font-weight: 400;\">exporta\u00e7\u00f5es brasileiras<\/span><\/a><span style=\"font-weight: 400;\"> que Paranagu\u00e1ocupa. Dentre as <\/span><a href=\"https:\/\/www.fazcomex.com.br\/blog\/cidades-que-mais-exportam-no-brasil\/\"><span style=\"font-weight: 400;\">cidades que mais exportam no Brasil<\/span><\/a><span style=\"font-weight: 400;\"> Paranagu\u00e1est\u00e1 na 5\u00baposi\u00e7\u00e3o.<\/span><\/p>\n<p><span style=\"font-weight: 400;\">J\u00e1 no ranking das <\/span><a href=\"https:\/\/www.fazcomex.com.br\/blog\/principais-produtos-importados-brasil\/\"><span style=\"font-weight: 400;\">importa\u00e7\u00f5es Brasileiras<\/span><\/a><span style=\"font-weight: 400;\">, o munic\u00edpio est\u00e1 em 22\u00balugar das <\/span><a href=\"https:\/\/www.fazcomex.com.br\/blog\/cidades-brasileiras-que-mais-importam\/\"><span style=\"font-weight: 400;\">cidades que mais importam no pa\u00eds<\/span><\/a><span style=\"font-weight: 400;\">.<\/span><\/p>\n<p><span style=\"font-weight: 400;\">A Popula\u00e7\u00e3o de Paranagu\u00e1-PR \u00e9 de 156.174 mil.<\/span><\/p>\n<p><b>\ud83c\udfaf Precisando encontrar uma empresa prestadora de servi\u00e7os em <\/b><b>\u00a0Consultoria em Com\u00e9rcio Exterior<\/b><b> em Paranagu\u00e1- PR?\u00a0<\/b><\/p>\n<p><span style=\"font-weight: 400;\">Ent\u00e3o confira aqui no <\/span><b>nosso Portal de Empresas de Com\u00e9rcio Exterior<\/b><span style=\"font-weight: 400;\"> e descubra a lista completa das principais empresas de <\/span><b>Consultorias em Com\u00e9rcio Exterior, Exporta\u00e7\u00e3o e Importa\u00e7\u00e3o<\/b><span style=\"font-weight: 400;\">!<\/span><\/p>\n","protected":false},"excerpt":{"rendered":"<p>Consultorias em Com\u00e9rcio Exterior, Exporta\u00e7\u00e3o e Importa\u00e7\u00e3o em Paranagu\u00e1- PR Atuar no Com\u00e9rcio Exterior requer conhecimentos de procedimentos espec\u00edficos a fim de cumprir com as normas aduaneiras brasileiras.\u00a0 A exporta\u00e7\u00e3o e importa\u00e7\u00e3o no Brasil s\u00e3o bastante burocr\u00e1ticas, portanto contar com uma boa consultoria e assessoria em com\u00e9rcio exterior \u00e9 fundamental para o sucesso de suas [&hellip;]<\/p>\n","protected":false},"author":1,"featured_media":0,"parent":0,"menu_order":0,"comment_status":"closed","ping_status":"closed","template":"","meta":[],"_links":{"self":[{"href":"https:\/\/www.fazcomex.com.br\/portal\/wp-json\/wp\/v2\/pages\/1409"}],"collection":[{"href":"https:\/\/www.fazcomex.com.br\/portal\/wp-json\/wp\/v2\/pages"}],"about":[{"href":"https:\/\/www.fazcomex.com.br\/portal\/wp-json\/wp\/v2\/types\/page"}],"author":[{"embeddable":true,"href":"https:\/\/www.fazcomex.com.br\/portal\/wp-json\/wp\/v2\/users\/1"}],"replies":[{"embeddable":true,"href":"https:\/\/www.fazcomex.com.br\/portal\/wp-json\/wp\/v2\/comments?post=1409"}],"version-history":[{"count":2,"href":"https:\/\/www.fazcomex.com.br\/portal\/wp-json\/wp\/v2\/pages\/1409\/revisions"}],"predecessor-version":[{"id":1474,"href":"https:\/\/www.fazcomex.com.br\/portal\/wp-json\/wp\/v2\/pages\/1409\/revisions\/1474"}],"wp:attachment":[{"href":"https:\/\/www.fazcomex.com.br\/portal\/wp-json\/wp\/v2\/media?parent=1409"}],"curies":[{"name":"wp","href":"https:\/\/api.w.org\/{rel}","templated":true}]}}