{"id":936,"date":"2021-06-14T21:59:28","date_gmt":"2021-06-14T21:59:28","guid":{"rendered":"https:\/\/www.fazcomex.com.br\/portal\/?page_id=936"},"modified":"2021-06-14T21:59:28","modified_gmt":"2021-06-14T21:59:28","slug":"despachantes-aduaneiros-em-belo-horizonte-mg","status":"publish","type":"page","link":"https:\/\/www.fazcomex.com.br\/portal\/despachantes-aduaneiros-em-belo-horizonte-mg\/","title":{"rendered":"Despachantes Aduaneiros em Belo Horizonte &#8211; MG"},"content":{"rendered":"<p><b>Despachantes Aduaneiros em Belo Horizonte &#8211; MG<\/b> <\/p>\n<p> <span style=\"font-weight: 400;\">O <\/span><b>Despachante Aduaneiro<\/b><span style=\"font-weight: 400;\"> \u00e9 o profissional fundamental nas opera\u00e7\u00f5es de Com\u00e9rcio Exterior. Pois ele representa empresas nas opera\u00e7\u00f5es de<\/span><a href=\"https:\/\/www.fazcomex.com.br\/blog\/diferencas-exportacao-importacao\/\"> <span style=\"font-weight: 400;\">exporta\u00e7\u00e3o<\/span><\/a><span style=\"font-weight: 400;\"> e<\/span><a href=\"https:\/\/www.fazcomex.com.br\/blog\/o-que-e-importacao\/\"> <span style=\"font-weight: 400;\">importa\u00e7\u00e3o<\/span><\/a><span style=\"font-weight: 400;\"> perante \u00e0 Receita Federal do Brasil, aos \u00f3rg\u00e3os anuentes e demais intervenientes no com\u00e9rcio exterior.<\/span> <\/p>\n<p> <span style=\"font-weight: 400;\">Entre as mais importantes atribui\u00e7\u00f5es do <\/span><b>Despachante Aduaneiro<\/b><span style=\"font-weight: 400;\"> est\u00e3o:<\/span><\/p>\n<ul>\n<li style=\"list-style-type: none;\">\n<ul>\n<li style=\"font-weight: 400;\" aria-level=\"1\"><span style=\"font-weight: 400;\">Preparar e assinar os documentos que servem de base ao despacho aduaneiro<\/span><\/li>\n<li style=\"font-weight: 400;\" aria-level=\"1\"><span style=\"font-weight: 400;\">Formula\u00e7\u00e3o da <\/span><a href=\"https:\/\/www.fazcomex.com.br\/blog\/declaracao-de-importacao-passo-a-passo\/\"><span style=\"font-weight: 400;\">Declara\u00e7\u00e3o de Importa\u00e7\u00e3o (DI)<\/span><\/a><span style=\"font-weight: 400;\"> ou de Declara\u00e7\u00e3o de Exporta\u00e7\u00e3o (<\/span><a href=\"https:\/\/www.fazcomex.com.br\/blog\/due-o-guia-definitivo\/\"><span style=\"font-weight: 400;\">DU-E<\/span><\/a><span style=\"font-weight: 400;\">) no <\/span><a href=\"https:\/\/www.fazcomex.com.br\/blog\/portal-siscomex\/\"><span style=\"font-weight: 400;\">Siscomex<\/span><\/a><\/li>\n<li style=\"font-weight: 400;\" aria-level=\"1\"><span style=\"font-weight: 400;\">Recolher, em nome do importador ou exportador, o pagamento do transporte internacional<\/span><\/li>\n<li style=\"font-weight: 400;\" aria-level=\"1\"><span style=\"font-weight: 400;\">Verifica\u00e7\u00e3o da mercadoria em conjunto com a fiscaliza\u00e7\u00e3o aduaneira<\/span><\/li>\n<li style=\"font-weight: 400;\" aria-level=\"1\"><span style=\"font-weight: 400;\">Definir o modal de transporte, pagamento do frete e <\/span><i><span style=\"font-weight: 400;\">demurrage<\/span><\/i><\/li>\n<li style=\"font-weight: 400;\" aria-level=\"1\"><i><span style=\"font-weight: 400;\">Entre outras<\/span><\/i><\/li>\n<\/ul>\n<\/li>\n<\/ul>\n<p> <span style=\"font-weight: 400;\">Se voc\u00ea est\u00e1 procurando um <\/span><b>Despachante Aduaneiro em Belo Horizonte &#8211; MG<\/b><span style=\"font-weight: 400;\">, confira aqui a lista completa.\u00a0<\/span> <\/p>\n<p> <b>Saiba mais sobre Despachantes Aduaneiros em Belo Horizonte &#8211; MG<\/b> <\/p>\n<p> <span style=\"font-weight: 400;\">Veja alguns dados do\u00a0 <\/span><a href=\"https:\/\/www.fazcomex.com.br\/blog\/conceitos-basicos-do-comercio-exterior\/\"><span style=\"font-weight: 400;\">com\u00e9rcio exterior<\/span><\/a><span style=\"font-weight: 400;\"> em Belo Horizonte &#8211; MG.\u00a0<\/span> <\/p>\n<p> <span style=\"font-weight: 400;\">No ranking das <\/span><a href=\"https:\/\/www.fazcomex.com.br\/blog\/quais-principais-produtos-exportados-brasil\/\"><span style=\"font-weight: 400;\">exporta\u00e7\u00f5es brasileiras<\/span><\/a><span style=\"font-weight: 400;\">, Belo Horizonte ocupa o 97\u00ba lugar das <\/span><a href=\"https:\/\/www.fazcomex.com.br\/blog\/cidades-que-mais-exportam-no-brasil\/\"><span style=\"font-weight: 400;\">cidades que mais exportam no Brasil<\/span><\/a><span style=\"font-weight: 400;\">.<\/span> <\/p>\n<p> <span style=\"font-weight: 400;\">J\u00e1 no ranking das <\/span><a href=\"https:\/\/www.fazcomex.com.br\/blog\/principais-produtos-importados-brasil\/\"><span style=\"font-weight: 400;\">importa\u00e7\u00f5es Brasileiras<\/span><\/a><span style=\"font-weight: 400;\">, a cidade est\u00e1 em 48\u00ba lugar das <\/span><a href=\"https:\/\/www.fazcomex.com.br\/blog\/cidades-brasileiras-que-mais-importam\/\"><span style=\"font-weight: 400;\">cidades que mais importam no pa\u00eds<\/span><\/a><span style=\"font-weight: 400;\">.<\/span> <\/p>\n<p> <span style=\"font-weight: 400;\">A Popula\u00e7\u00e3o da Belo Horizonte &#8211; MG \u00e9 de 2,72 milh\u00f5es.<\/span> <\/p>\n<p> <b>\ud83c\udfaf Precisando encontrar um <\/b><b>Despachante Aduaneiro em Belo Horizonte &#8211; MG ?\u00a0<\/b> <\/p>\n<p> <span style=\"font-weight: 400;\">Ent\u00e3o confira aqui no <\/span><b>nosso Portal de Empresas de Com\u00e9rcio Exterior<\/b><span style=\"font-weight: 400;\"> e descubra a lista completa dos principais Despachante Aduaneiro !<\/span><\/p>\n","protected":false},"excerpt":{"rendered":"<p>Despachantes Aduaneiros em Belo Horizonte &#8211; MG O Despachante Aduaneiro \u00e9 o profissional fundamental nas opera\u00e7\u00f5es de Com\u00e9rcio Exterior. Pois ele representa empresas nas opera\u00e7\u00f5es de exporta\u00e7\u00e3o e importa\u00e7\u00e3o perante \u00e0 Receita Federal do Brasil, aos \u00f3rg\u00e3os anuentes e demais intervenientes no com\u00e9rcio exterior. Entre as mais importantes atribui\u00e7\u00f5es do Despachante Aduaneiro est\u00e3o: Preparar e [&hellip;]<\/p>\n","protected":false},"author":1,"featured_media":0,"parent":0,"menu_order":0,"comment_status":"closed","ping_status":"closed","template":"","meta":[],"_links":{"self":[{"href":"https:\/\/www.fazcomex.com.br\/portal\/wp-json\/wp\/v2\/pages\/936"}],"collection":[{"href":"https:\/\/www.fazcomex.com.br\/portal\/wp-json\/wp\/v2\/pages"}],"about":[{"href":"https:\/\/www.fazcomex.com.br\/portal\/wp-json\/wp\/v2\/types\/page"}],"author":[{"embeddable":true,"href":"https:\/\/www.fazcomex.com.br\/portal\/wp-json\/wp\/v2\/users\/1"}],"replies":[{"embeddable":true,"href":"https:\/\/www.fazcomex.com.br\/portal\/wp-json\/wp\/v2\/comments?post=936"}],"version-history":[{"count":1,"href":"https:\/\/www.fazcomex.com.br\/portal\/wp-json\/wp\/v2\/pages\/936\/revisions"}],"predecessor-version":[{"id":937,"href":"https:\/\/www.fazcomex.com.br\/portal\/wp-json\/wp\/v2\/pages\/936\/revisions\/937"}],"wp:attachment":[{"href":"https:\/\/www.fazcomex.com.br\/portal\/wp-json\/wp\/v2\/media?parent=936"}],"curies":[{"name":"wp","href":"https:\/\/api.w.org\/{rel}","templated":true}]}}